{"id":107,"date":"2025-05-12T10:03:04","date_gmt":"2025-05-12T08:03:04","guid":{"rendered":"https:\/\/www.sprachschule-aktiv.at\/salzburg\/?page_id=107"},"modified":"2025-05-12T10:03:41","modified_gmt":"2025-05-12T08:03:41","slug":"impressum","status":"publish","type":"page","link":"https:\/\/www.sprachschule-aktiv.at\/salzburg\/impressum\/","title":{"rendered":"Impressum \u2013 Sprachschule Aktiv Salzburg"},"content":{"rendered":"\t\t<div data-elementor-type=\"wp-page\" data-elementor-id=\"107\" class=\"elementor elementor-107\">\n\t\t\t\t<div class=\"elementor-element elementor-element-6becd57 e-flex e-con-boxed e-con e-parent\" data-id=\"6becd57\" data-element_type=\"container\" data-e-type=\"container\">\n\t\t\t\t\t<div class=\"e-con-inner\">\n\t\t\t\t<div class=\"elementor-element elementor-element-55c20e8 elementor-widget elementor-widget-text-editor\" data-id=\"55c20e8\" data-element_type=\"widget\" data-e-type=\"widget\" data-widget_type=\"text-editor.default\">\n\t\t\t\t<div class=\"elementor-widget-container\">\n\t\t\t\t\t\t\t\t\t<h2>Impressum<\/h2><p><strong>Gesch\u00e4ftsinhaberin<\/strong>:<\/p><p><strong>Angaben gem\u00e4\u00df \u00a7 5 TMG:<\/strong><\/p><p>Alexandra Fidelscaia<\/p><p>Sprachschule Aktiv \/ Sprachlehrer Aktiv<\/p><p>Adresse:<br \/>Tuttlinger Str. 4<br \/>80686 M\u00fcnchen<\/p><p><strong>Telefon:<\/strong> +49-175 8947710<br \/><strong>E-Mail:<\/strong> admin@sprachschuleaktiv.com<\/p><h2>Umsatzsteuer:<\/h2><p>Umsatzsteuer-Identifikationsnummer gem\u00e4\u00df \u00a727 a Umsatzsteuergesetz:<br \/>DE453337812<\/p><p>Steuernummer:<br \/>147\/107\/5024<\/p><h2>Haftung f\u00fcr Inhalte<\/h2><p>Als Diensteanbieter sind wir gem\u00e4\u00df \u00a7 7 Abs.1 TMG f\u00fcr eigene Inhalte auf diesen Seiten nach den allgemeinen Gesetzen verantwortlich. Nach \u00a7\u00a7 8 bis 10 TMG sind wir als Diensteanbieter jedoch nicht verpflichtet, \u00fcbermittelte oder gespeicherte fremde Informationen zu \u00fcberwachen oder nach Umst\u00e4nden zu forschen, die auf eine rechtswidrige T\u00e4tigkeit hinweisen.<\/p><p>Verpflichtungen zur Entfernung oder Sperrung der Nutzung von Informationen nach den allgemeinen Gesetzen bleiben hiervon unber\u00fchrt. Eine diesbez\u00fcgliche Haftung ist jedoch erst ab dem Zeitpunkt der Kenntnis einer konkreten Rechtsverletzung m\u00f6glich. Bei Bekanntwerden von entsprechenden Rechtsverletzungen werden wir diese Inhalte umgehend entfernen.<\/p><h2>Haftung f\u00fcr Links<\/h2><p>Unser Angebot enth\u00e4lt Links zu externen Websites Dritter, auf deren Inhalte wir keinen Einfluss haben. Deshalb k\u00f6nnen wir f\u00fcr diese fremden Inhalte auch keine Gew\u00e4hr \u00fcbernehmen. F\u00fcr die Inhalte der verlinkten Seiten ist stets der jeweilige Anbieter oder Betreiber der Seiten verantwortlich. Die verlinkten Seiten wurden zum Zeitpunkt der Verlinkung auf m\u00f6gliche Rechtsverst\u00f6\u00dfe \u00fcberpr\u00fcft. Rechtswidrige Inhalte waren zum Zeitpunkt der Verlinkung nicht erkennbar. Eine permanente inhaltliche Kontrolle der verlinkten Seiten ist jedoch ohne konkrete Anhaltspunkte einer Rechtsverletzung nicht zumutbar. Bei Bekanntwerden von Rechtsverletzungen werden wir derartige Links umgehend entfernen.<\/p><h2>Streitschlichtung<\/h2><p>Die Europ\u00e4ische Kommission stellt eine Plattform zur Online-Streitbeilegung (OS) bereit: <a href=\"https:\/\/ec.europa.eu\/consumers\/odr\" target=\"_blank\" rel=\"noopener noreferrer\">https:\/\/ec.europa.eu\/consumers\/odr<\/a><br \/>Unsere E-Mail-Adresse finden Sie oben im Impressum.<\/p><p>Wir sind nicht bereit oder verpflichtet, an Streitbeilegungsverfahren vor einer Verbraucherschlichtungsstelle teilzunehmen.<\/p><h2>Urheberrecht<\/h2><p>Die durch die Seitenbetreiber erstellten Inhalte und Werke auf diesen Seiten unterliegen dem \u00f6sterreichischen Urheberrecht. Die Vervielf\u00e4ltigung, Bearbeitung, Verbreitung und jede Art der Verwertung au\u00dferhalb der Grenzen des Urheberrechtes bed\u00fcrfen der schriftlichen Zustimmung des jeweiligen Autors bzw. Erstellers. Der Download und die Erstellung von Kopien dieser Seite sind nur f\u00fcr den privaten, nicht kommerziellen Gebrauch gestattet.<\/p><p>Soweit die Inhalte auf dieser Seite nicht vom Betreiber erstellt wurden, werden die Urheberrechte Dritter beachtet. Insbesondere werden Inhalte Dritter als solche gekennzeichnet. Sollten Sie trotzdem auf eine Urheberrechtsverletzung aufmerksam werden, bitten wir um einen entsprechenden Hinweis. Bei Bekanntwerden von Rechtsverletzungen werden wir derartige Inhalte umgehend entfernen.<\/p>\t\t\t\t\t\t\t\t<\/div>\n\t\t\t\t<\/div>\n\t\t\t\t\t<\/div>\n\t\t\t\t<\/div>\n\t\t\t\t<\/div>\n\t\t","protected":false},"excerpt":{"rendered":"<p>Impressum Gesch\u00e4ftsinhaberin: Angaben gem\u00e4\u00df \u00a7 5 TMG: Alexandra Fidelscaia Sprachschule Aktiv \/ Sprachlehrer Aktiv Adresse:Tuttlinger Str. 480686 M\u00fcnchen Telefon: +49-175 8947710E-Mail: admin@sprachschuleaktiv.com Umsatzsteuer: Umsatzsteuer-Identifikationsnummer gem\u00e4\u00df \u00a727 a Umsatzsteuergesetz:DE453337812 Steuernummer:147\/107\/5024 Haftung f\u00fcr Inhalte Als Diensteanbieter sind wir gem\u00e4\u00df \u00a7 7 Abs.1 TMG f\u00fcr eigene Inhalte auf diesen Seiten nach den allgemeinen Gesetzen verantwortlich. Nach \u00a7\u00a7 8&hellip; <a class=\"read-more\" href=\"https:\/\/www.sprachschule-aktiv.at\/salzburg\/impressum\/\" title=\"Read Impressum \u2013 Sprachschule Aktiv Salzburg\">Read more &raquo;<\/a><\/p>\n","protected":false},"author":1,"featured_media":0,"parent":0,"menu_order":0,"comment_status":"closed","ping_status":"closed","template":"","meta":{"footnotes":""},"class_list":["post-107","page","type-page","status-publish","hentry"],"acf":[],"yoast_head":"<!-- This site is optimized with the Yoast SEO plugin v27.2 - https:\/\/yoast.com\/product\/yoast-seo-wordpress\/ -->\n<title>Impressum - Sprachschule Aktiv Salzburg<\/title>\n<meta name=\"description\" content=\"Impressum: \u00dcbersicht und allgemeine Informationen, Kontaktdaten und Ansprechpartner der Sprachschule Aktiv in Salzburg.\" \/>\n<meta name=\"robots\" content=\"index, follow, max-snippet:-1, max-image-preview:large, max-video-preview:-1\" \/>\n<link rel=\"canonical\" href=\"https:\/\/www.sprachschule-aktiv.at\/salzburg\/impressum\/\" \/>\n<meta property=\"og:locale\" content=\"de_DE\" \/>\n<meta property=\"og:type\" content=\"article\" \/>\n<meta property=\"og:title\" content=\"Impressum - Sprachschule Aktiv Salzburg\" \/>\n<meta property=\"og:description\" content=\"Impressum: \u00dcbersicht und allgemeine Informationen, Kontaktdaten und Ansprechpartner der Sprachschule Aktiv in Salzburg.\" \/>\n<meta property=\"og:url\" content=\"https:\/\/www.sprachschule-aktiv.at\/salzburg\/impressum\/\" \/>\n<meta property=\"og:site_name\" content=\"Sprachschule Aktiv Salzburg\" \/>\n<meta property=\"article:modified_time\" content=\"2025-05-12T08:03:41+00:00\" \/>\n<meta name=\"twitter:card\" content=\"summary_large_image\" \/>\n<meta name=\"twitter:label1\" content=\"Gesch\u00e4tzte Lesezeit\" \/>\n\t<meta name=\"twitter:data1\" content=\"2 Minuten\" \/>\n<script type=\"application\/ld+json\" class=\"yoast-schema-graph\">{\"@context\":\"https:\/\/schema.org\",\"@graph\":[{\"@type\":\"WebPage\",\"@id\":\"https:\/\/www.sprachschule-aktiv.at\/salzburg\/impressum\/\",\"url\":\"https:\/\/www.sprachschule-aktiv.at\/salzburg\/impressum\/\",\"name\":\"Impressum - Sprachschule Aktiv Salzburg\",\"isPartOf\":{\"@id\":\"https:\/\/www.sprachschule-aktiv.at\/salzburg\/#website\"},\"datePublished\":\"2025-05-12T08:03:04+00:00\",\"dateModified\":\"2025-05-12T08:03:41+00:00\",\"description\":\"Impressum: \u00dcbersicht und allgemeine Informationen, Kontaktdaten und Ansprechpartner der Sprachschule Aktiv in Salzburg.\",\"breadcrumb\":{\"@id\":\"https:\/\/www.sprachschule-aktiv.at\/salzburg\/impressum\/#breadcrumb\"},\"inLanguage\":\"de-AT\",\"potentialAction\":[{\"@type\":\"ReadAction\",\"target\":[\"https:\/\/www.sprachschule-aktiv.at\/salzburg\/impressum\/\"]}]},{\"@type\":\"BreadcrumbList\",\"@id\":\"https:\/\/www.sprachschule-aktiv.at\/salzburg\/impressum\/#breadcrumb\",\"itemListElement\":[{\"@type\":\"ListItem\",\"position\":1,\"name\":\"Startseite\",\"item\":\"https:\/\/www.sprachschule-aktiv.at\/salzburg\/\"},{\"@type\":\"ListItem\",\"position\":2,\"name\":\"Impressum \u2013 Sprachschule Aktiv Salzburg\"}]},{\"@type\":\"WebSite\",\"@id\":\"https:\/\/www.sprachschule-aktiv.at\/salzburg\/#website\",\"url\":\"https:\/\/www.sprachschule-aktiv.at\/salzburg\/\",\"name\":\"Sprachschule Aktiv Salzburg\",\"description\":\"\",\"potentialAction\":[{\"@type\":\"SearchAction\",\"target\":{\"@type\":\"EntryPoint\",\"urlTemplate\":\"https:\/\/www.sprachschule-aktiv.at\/salzburg\/?s={search_term_string}\"},\"query-input\":{\"@type\":\"PropertyValueSpecification\",\"valueRequired\":true,\"valueName\":\"search_term_string\"}}],\"inLanguage\":\"de-AT\"}]}<\/script>\n<!-- \/ Yoast SEO plugin. -->","yoast_head_json":{"title":"Impressum - Sprachschule Aktiv Salzburg","description":"Impressum: \u00dcbersicht und allgemeine Informationen, Kontaktdaten und Ansprechpartner der Sprachschule Aktiv in Salzburg.","robots":{"index":"index","follow":"follow","max-snippet":"max-snippet:-1","max-image-preview":"max-image-preview:large","max-video-preview":"max-video-preview:-1"},"canonical":"https:\/\/www.sprachschule-aktiv.at\/salzburg\/impressum\/","og_locale":"de_DE","og_type":"article","og_title":"Impressum - Sprachschule Aktiv Salzburg","og_description":"Impressum: \u00dcbersicht und allgemeine Informationen, Kontaktdaten und Ansprechpartner der Sprachschule Aktiv in Salzburg.","og_url":"https:\/\/www.sprachschule-aktiv.at\/salzburg\/impressum\/","og_site_name":"Sprachschule Aktiv Salzburg","article_modified_time":"2025-05-12T08:03:41+00:00","twitter_card":"summary_large_image","twitter_misc":{"Gesch\u00e4tzte Lesezeit":"2 Minuten"},"schema":{"@context":"https:\/\/schema.org","@graph":[{"@type":"WebPage","@id":"https:\/\/www.sprachschule-aktiv.at\/salzburg\/impressum\/","url":"https:\/\/www.sprachschule-aktiv.at\/salzburg\/impressum\/","name":"Impressum - Sprachschule Aktiv Salzburg","isPartOf":{"@id":"https:\/\/www.sprachschule-aktiv.at\/salzburg\/#website"},"datePublished":"2025-05-12T08:03:04+00:00","dateModified":"2025-05-12T08:03:41+00:00","description":"Impressum: \u00dcbersicht und allgemeine Informationen, Kontaktdaten und Ansprechpartner der Sprachschule Aktiv in Salzburg.","breadcrumb":{"@id":"https:\/\/www.sprachschule-aktiv.at\/salzburg\/impressum\/#breadcrumb"},"inLanguage":"de-AT","potentialAction":[{"@type":"ReadAction","target":["https:\/\/www.sprachschule-aktiv.at\/salzburg\/impressum\/"]}]},{"@type":"BreadcrumbList","@id":"https:\/\/www.sprachschule-aktiv.at\/salzburg\/impressum\/#breadcrumb","itemListElement":[{"@type":"ListItem","position":1,"name":"Startseite","item":"https:\/\/www.sprachschule-aktiv.at\/salzburg\/"},{"@type":"ListItem","position":2,"name":"Impressum \u2013 Sprachschule Aktiv Salzburg"}]},{"@type":"WebSite","@id":"https:\/\/www.sprachschule-aktiv.at\/salzburg\/#website","url":"https:\/\/www.sprachschule-aktiv.at\/salzburg\/","name":"Sprachschule Aktiv Salzburg","description":"","potentialAction":[{"@type":"SearchAction","target":{"@type":"EntryPoint","urlTemplate":"https:\/\/www.sprachschule-aktiv.at\/salzburg\/?s={search_term_string}"},"query-input":{"@type":"PropertyValueSpecification","valueRequired":true,"valueName":"search_term_string"}}],"inLanguage":"de-AT"}]}},"_links":{"self":[{"href":"https:\/\/www.sprachschule-aktiv.at\/salzburg\/wp-json\/wp\/v2\/pages\/107","targetHints":{"allow":["GET"]}}],"collection":[{"href":"https:\/\/www.sprachschule-aktiv.at\/salzburg\/wp-json\/wp\/v2\/pages"}],"about":[{"href":"https:\/\/www.sprachschule-aktiv.at\/salzburg\/wp-json\/wp\/v2\/types\/page"}],"author":[{"embeddable":true,"href":"https:\/\/www.sprachschule-aktiv.at\/salzburg\/wp-json\/wp\/v2\/users\/1"}],"replies":[{"embeddable":true,"href":"https:\/\/www.sprachschule-aktiv.at\/salzburg\/wp-json\/wp\/v2\/comments?post=107"}],"version-history":[{"count":4,"href":"https:\/\/www.sprachschule-aktiv.at\/salzburg\/wp-json\/wp\/v2\/pages\/107\/revisions"}],"predecessor-version":[{"id":111,"href":"https:\/\/www.sprachschule-aktiv.at\/salzburg\/wp-json\/wp\/v2\/pages\/107\/revisions\/111"}],"wp:attachment":[{"href":"https:\/\/www.sprachschule-aktiv.at\/salzburg\/wp-json\/wp\/v2\/media?parent=107"}],"curies":[{"name":"wp","href":"https:\/\/api.w.org\/{rel}","templated":true}]}}