{"id":703,"date":"2025-08-21T08:09:49","date_gmt":"2025-08-21T06:09:49","guid":{"rendered":"https:\/\/www.sprachschule-aktiv.at\/salzburg\/?page_id=703"},"modified":"2025-08-21T08:17:11","modified_gmt":"2025-08-21T06:17:11","slug":"arbeiten-als-sprachlehrer-in-salzburg-jobs","status":"publish","type":"page","link":"https:\/\/www.sprachschule-aktiv.at\/salzburg\/arbeiten-als-sprachlehrer-in-salzburg-jobs\/","title":{"rendered":"Arbeiten als Sprachlehrer in Salzburg \u2013 Jobs &amp; Stellenangebote f\u00fcr Sprachdozenten"},"content":{"rendered":"\t\t<div data-elementor-type=\"wp-page\" data-elementor-id=\"703\" class=\"elementor elementor-703\">\n\t\t\t\t<div class=\"elementor-element elementor-element-552d45c0 e-flex e-con-boxed e-con e-parent\" data-id=\"552d45c0\" data-element_type=\"container\" data-e-type=\"container\">\n\t\t\t\t\t<div class=\"e-con-inner\">\n\t\t<div class=\"elementor-element elementor-element-53ffeb55 e-con-full e-flex e-con e-child\" data-id=\"53ffeb55\" data-element_type=\"container\" data-e-type=\"container\">\n\t\t\t\t<div class=\"elementor-element elementor-element-37788952 elementor-widget elementor-widget-text-editor\" data-id=\"37788952\" data-element_type=\"widget\" data-e-type=\"widget\" data-widget_type=\"text-editor.default\">\n\t\t\t\t<div class=\"elementor-widget-container\">\n\t\t\t\t\t\t\t\t\t<h2>Sie m\u00f6chten als Sprachlehrer in Salzburg arbeiten und Ihre Sprachkenntnisse an motivierte Teilnehmer weitergeben?<\/h2><p>Die <strong data-start=\"475\" data-end=\"506\">Sprachschule Aktiv Salzburg<\/strong> sucht regelm\u00e4\u00dfig qualifizierte und engagierte Lehrkr\u00e4fte f\u00fcr zahlreiche Sprachen. Besonders gefragt sind Deutsch, Englisch, Spanisch, Franz\u00f6sisch und Italienisch \u2013 aber auch weniger verbreitete Sprachen wie Koreanisch, Japanisch, Chinesisch, Russisch, Tschechisch oder Ungarisch. Wenn Sie eine Sprache auf muttersprachlichem Niveau beherrschen und Freude an der Vermittlung haben, sind Sie bei uns genau richtig.<\/p>\t\t\t\t\t\t\t\t<\/div>\n\t\t\t\t<\/div>\n\t\t\t\t<\/div>\n\t\t<div class=\"elementor-element elementor-element-7200e9c e-con-full e-flex e-con e-child\" data-id=\"7200e9c\" data-element_type=\"container\" data-e-type=\"container\">\n\t\t\t\t<div class=\"elementor-element elementor-element-533194c4 elementor-widget elementor-widget-image\" data-id=\"533194c4\" data-element_type=\"widget\" data-e-type=\"widget\" data-widget_type=\"image.default\">\n\t\t\t\t<div class=\"elementor-widget-container\">\n\t\t\t\t\t\t\t\t\t\t\t\t\t\t\t<img fetchpriority=\"high\" decoding=\"async\" width=\"600\" height=\"399\" src=\"https:\/\/www.sprachschule-aktiv.at\/salzburg\/wp-content\/uploads\/2025\/08\/sprachlehrer-jobs-salzburg.webp\" class=\"attachment-large size-large wp-image-706\" alt=\"Arbeiten als Sprachlehrer in Salzburg \u2013 Jobs &amp; Stellenangebote f\u00fcr Sprachdozenten\" srcset=\"https:\/\/www.sprachschule-aktiv.at\/salzburg\/wp-content\/uploads\/2025\/08\/sprachlehrer-jobs-salzburg.webp 600w, https:\/\/www.sprachschule-aktiv.at\/salzburg\/wp-content\/uploads\/2025\/08\/sprachlehrer-jobs-salzburg-300x200.webp 300w\" sizes=\"(max-width: 600px) 100vw, 600px\" \/>\t\t\t\t\t\t\t\t\t\t\t\t\t\t\t<\/div>\n\t\t\t\t<\/div>\n\t\t\t\t<\/div>\n\t\t\t\t\t<\/div>\n\t\t\t\t<\/div>\n\t\t<div class=\"elementor-element elementor-element-7943b363 e-flex e-con-boxed e-con e-parent\" data-id=\"7943b363\" data-element_type=\"container\" data-e-type=\"container\">\n\t\t\t\t\t<div class=\"e-con-inner\">\n\t\t\t\t<div class=\"elementor-element elementor-element-4d853367 elementor-widget elementor-widget-button\" data-id=\"4d853367\" data-element_type=\"widget\" data-e-type=\"widget\" data-widget_type=\"button.default\">\n\t\t\t\t<div class=\"elementor-widget-container\">\n\t\t\t\t\t\t\t\t\t<div class=\"elementor-button-wrapper\">\n\t\t\t\t\t<a class=\"elementor-button elementor-button-link elementor-size-sm\" href=\"https:\/\/www.sprachschule-aktiv.at\/salzburg\/kontakt\/\">\n\t\t\t\t\t\t<span class=\"elementor-button-content-wrapper\">\n\t\t\t\t\t\t<span class=\"elementor-button-icon\">\n\t\t\t\t<svg aria-hidden=\"true\" class=\"e-font-icon-svg e-fas-angle-double-right\" viewBox=\"0 0 448 512\" xmlns=\"http:\/\/www.w3.org\/2000\/svg\"><path d=\"M224.3 273l-136 136c-9.4 9.4-24.6 9.4-33.9 0l-22.6-22.6c-9.4-9.4-9.4-24.6 0-33.9l96.4-96.4-96.4-96.4c-9.4-9.4-9.4-24.6 0-33.9L54.3 103c9.4-9.4 24.6-9.4 33.9 0l136 136c9.5 9.4 9.5 24.6.1 34zm192-34l-136-136c-9.4-9.4-24.6-9.4-33.9 0l-22.6 22.6c-9.4 9.4-9.4 24.6 0 33.9l96.4 96.4-96.4 96.4c-9.4 9.4-9.4 24.6 0 33.9l22.6 22.6c9.4 9.4 24.6 9.4 33.9 0l136-136c9.4-9.2 9.4-24.4 0-33.8z\"><\/path><\/svg>\t\t\t<\/span>\n\t\t\t\t\t\t\t\t\t<span class=\"elementor-button-text\">Schnelle Anfrage!<\/span>\n\t\t\t\t\t<\/span>\n\t\t\t\t\t<\/a>\n\t\t\t\t<\/div>\n\t\t\t\t\t\t\t\t<\/div>\n\t\t\t\t<\/div>\n\t\t\t\t\t<\/div>\n\t\t\t\t<\/div>\n\t\t<div class=\"elementor-element elementor-element-12a6086d e-grid e-con-boxed e-con e-child\" data-id=\"12a6086d\" data-element_type=\"container\" data-e-type=\"container\">\n\t\t\t\t\t<div class=\"e-con-inner\">\n\t\t\t\t<div class=\"elementor-element elementor-element-74b4d423 elementor-widget elementor-widget-text-editor\" data-id=\"74b4d423\" data-element_type=\"widget\" data-e-type=\"widget\" data-widget_type=\"text-editor.default\">\n\t\t\t\t<div class=\"elementor-widget-container\">\n\t\t\t\t\t\t\t\t\t<iframe width=\"560\" height=\"315\" src=\"https:\/\/www.youtube.com\/embed\/8FEh6N5gn7k?si=FTiWrBsnnDO762he\" title=\"YouTube video player\" frameborder=\"0\" allow=\"accelerometer; autoplay; clipboard-write; encrypted-media; gyroscope; picture-in-picture; web-share\" referrerpolicy=\"strict-origin-when-cross-origin\" allowfullscreen><\/iframe>\t\t\t\t\t\t\t\t<\/div>\n\t\t\t\t<\/div>\n\t\t\t\t<div class=\"elementor-element elementor-element-346657ba elementor-widget elementor-widget-video\" data-id=\"346657ba\" data-element_type=\"widget\" data-e-type=\"widget\" data-settings=\"{&quot;youtube_url&quot;:&quot;https:\\\/\\\/youtu.be\\\/54-5aCU96MM?si=S7TW9ttwTfVi22LT&quot;,&quot;video_type&quot;:&quot;youtube&quot;,&quot;controls&quot;:&quot;yes&quot;}\" data-widget_type=\"video.default\">\n\t\t\t\t<div class=\"elementor-widget-container\">\n\t\t\t\t\t\t\t<div class=\"elementor-wrapper elementor-open-inline\">\n\t\t\t<div class=\"elementor-video\"><\/div>\t\t<\/div>\n\t\t\t\t\t\t<\/div>\n\t\t\t\t<\/div>\n\t\t\t\t\t<\/div>\n\t\t\t\t<\/div>\n\t\t<div class=\"elementor-element elementor-element-6565f822 e-flex e-con-boxed e-con e-parent\" data-id=\"6565f822\" data-element_type=\"container\" data-e-type=\"container\">\n\t\t\t\t\t<div class=\"e-con-inner\">\n\t\t\t\t<div class=\"elementor-element elementor-element-247aa423 elementor-widget elementor-widget-text-editor\" data-id=\"247aa423\" data-element_type=\"widget\" data-e-type=\"widget\" data-widget_type=\"text-editor.default\">\n\t\t\t\t<div class=\"elementor-widget-container\">\n\t\t\t\t\t\t\t\t\t<h2 data-start=\"928\" data-end=\"989\">Flexible Arbeitszeitmodelle f\u00fcr Sprachlehrer in Salzburg<\/h2><p data-start=\"990\" data-end=\"1184\">Unsere Sprachschule bietet ein breites Kursangebot: von Abendkursen \u00fcber Intensivkurse bis hin zu Privatunterricht oder Firmenkursen. Dadurch k\u00f6nnen Sie Ihre Arbeitszeit individuell gestalten:<\/p><ul data-start=\"1185\" data-end=\"1372\"><li data-start=\"1185\" data-end=\"1231\"><p data-start=\"1187\" data-end=\"1231\">Typische Kurse dauern 90 Minuten pro Woche<\/p><\/li><li data-start=\"1232\" data-end=\"1290\"><p data-start=\"1234\" data-end=\"1290\">Intensivkurse finden t\u00e4glich bis zu drei Stunden statt<\/p><\/li><li data-start=\"1291\" data-end=\"1372\"><p data-start=\"1293\" data-end=\"1372\">Kursdauern zwischen vier und zw\u00f6lf Wochen erm\u00f6glichen flexible Einsatzplanung<\/p><\/li><\/ul><p data-start=\"1374\" data-end=\"1512\">Sie entscheiden nach jedem Kurs selbst, wie viel Sie arbeiten m\u00f6chten \u2013 ideal f\u00fcr Lehrkr\u00e4fte, die Flexibilit\u00e4t und Abwechslung sch\u00e4tzen.<\/p><hr data-start=\"1514\" data-end=\"1517\" \/><h2 data-start=\"1519\" data-end=\"1585\">Warum Sprachlehrer an der Sprachschule Aktiv Salzburg werden?<\/h2><ul data-start=\"1586\" data-end=\"1883\"><li data-start=\"1586\" data-end=\"1646\"><p data-start=\"1588\" data-end=\"1646\">Abwechslungsreiche T\u00e4tigkeit mit motivierten Teilnehmern<\/p><\/li><li data-start=\"1647\" data-end=\"1701\"><p data-start=\"1649\" data-end=\"1701\">Arbeit in kleinen Gruppen oder im Einzelunterricht<\/p><\/li><li data-start=\"1702\" data-end=\"1759\"><p data-start=\"1704\" data-end=\"1759\">Flexible Kursformate: vor Ort in Salzburg oder online<\/p><\/li><li data-start=\"1760\" data-end=\"1823\"><p data-start=\"1762\" data-end=\"1823\">M\u00f6glichkeit f\u00fcr Studierende, erste Lehrerfahrung zu sammeln<\/p><\/li><li data-start=\"1824\" data-end=\"1883\"><p data-start=\"1826\" data-end=\"1883\">Chance auf langfristige Zusammenarbeit nach dem Studium<\/p><\/li><\/ul><hr data-start=\"1885\" data-end=\"1888\" \/><h2 data-start=\"1890\" data-end=\"1928\">Gesuchte Sprachen &amp; Anforderungen<\/h2><p data-start=\"1929\" data-end=\"1990\">Aktuell suchen wir Lehrkr\u00e4fte f\u00fcr viele Sprachen, darunter:<\/p><ul data-start=\"1991\" data-end=\"2176\"><li data-start=\"1991\" data-end=\"2019\"><p data-start=\"1993\" data-end=\"2019\">Deutsch als Fremdsprache<\/p><\/li><li data-start=\"2020\" data-end=\"2068\"><p data-start=\"2022\" data-end=\"2068\">Englisch, Spanisch, Franz\u00f6sisch, Italienisch<\/p><\/li><li data-start=\"2069\" data-end=\"2123\"><p data-start=\"2071\" data-end=\"2123\">Portugiesisch, Griechisch, Tschechisch, Slowakisch<\/p><\/li><li data-start=\"2124\" data-end=\"2176\"><p data-start=\"2126\" data-end=\"2176\">Ungarisch, Schwedisch, D\u00e4nisch und viele weitere<\/p><\/li><\/ul><p data-start=\"2178\" data-end=\"2205\"><strong data-start=\"2178\" data-end=\"2203\">Ihre Voraussetzungen:<\/strong><\/p><ul data-start=\"2206\" data-end=\"2437\"><li data-start=\"2206\" data-end=\"2254\"><p data-start=\"2208\" data-end=\"2254\">Muttersprache oder muttersprachliches Niveau<\/p><\/li><li data-start=\"2255\" data-end=\"2291\"><p data-start=\"2257\" data-end=\"2291\">Klare und akzentfreie Aussprache<\/p><\/li><li data-start=\"2292\" data-end=\"2332\"><p data-start=\"2294\" data-end=\"2332\">Kenntnisse in Grammatik und Didaktik<\/p><\/li><li data-start=\"2333\" data-end=\"2382\"><p data-start=\"2335\" data-end=\"2382\">Freundliches Auftreten, Geduld und Motivation<\/p><\/li><li data-start=\"2383\" data-end=\"2437\"><p data-start=\"2385\" data-end=\"2437\">P\u00e4dagogische Erfahrung oder Ausbildung von Vorteil<\/p><\/li><\/ul><hr data-start=\"2439\" data-end=\"2442\" \/><h2 data-start=\"2444\" data-end=\"2487\">Bewerbung als Sprachlehrer in Salzburg<\/h2><p data-start=\"2488\" data-end=\"2842\">Wenn Sie Interesse haben, senden Sie Ihre vollst\u00e4ndigen Bewerbungsunterlagen bitte ausschlie\u00dflich per E-Mail an: <strong data-start=\"2601\" data-end=\"2633\"><a class=\"cursor-pointer\" rel=\"noopener\" data-start=\"2603\" data-end=\"2631\">martin@sprachschule-aktiv.de<\/a><\/strong>.<br data-start=\"2634\" data-end=\"2637\" \/>Zus\u00e4tzlich k\u00f6nnen Sie sich kostenfrei in unserem Lehrer-Suchportal registrieren und ein pers\u00f6nliches Profil anlegen. Dort geben Sie Ihre Sprachen, Berufserfahrung und Motivation an \u2013 gerne auch mit Foto.<\/p><hr data-start=\"2844\" data-end=\"2847\" \/><h2 data-start=\"2849\" data-end=\"2901\">Fazit: Ihre Chance als Sprachlehrer in Salzburg<\/h2><p data-start=\"2902\" data-end=\"3226\">Ein Job als Sprachlehrer an der <strong data-start=\"2934\" data-end=\"2965\">Sprachschule Aktiv Salzburg<\/strong> bietet Ihnen Flexibilit\u00e4t, Abwechslung und die M\u00f6glichkeit, Menschen f\u00fcr Sprachen zu begeistern. Ob als Nebenjob w\u00e4hrend des Studiums oder als langfristige T\u00e4tigkeit \u2013 wir freuen uns auf Ihre Bewerbung und darauf, Sie bald in unserem Team begr\u00fc\u00dfen zu d\u00fcrfen.<\/p>\t\t\t\t\t\t\t\t<\/div>\n\t\t\t\t<\/div>\n\t\t\t\t\t<\/div>\n\t\t\t\t<\/div>\n\t\t<div class=\"elementor-element elementor-element-2189d3da e-flex e-con-boxed e-con e-parent\" data-id=\"2189d3da\" data-element_type=\"container\" data-e-type=\"container\">\n\t\t\t\t\t<div class=\"e-con-inner\">\n\t\t\t\t<div class=\"elementor-element elementor-element-f1b3407 elementor-widget elementor-widget-button\" data-id=\"f1b3407\" data-element_type=\"widget\" data-e-type=\"widget\" data-widget_type=\"button.default\">\n\t\t\t\t<div class=\"elementor-widget-container\">\n\t\t\t\t\t\t\t\t\t<div class=\"elementor-button-wrapper\">\n\t\t\t\t\t<a class=\"elementor-button elementor-button-link elementor-size-sm\" href=\"https:\/\/www.sprachschule-aktiv.at\/salzburg\/kontakt\/\">\n\t\t\t\t\t\t<span class=\"elementor-button-content-wrapper\">\n\t\t\t\t\t\t<span class=\"elementor-button-icon\">\n\t\t\t\t<svg aria-hidden=\"true\" class=\"e-font-icon-svg e-fas-angle-double-right\" viewBox=\"0 0 448 512\" xmlns=\"http:\/\/www.w3.org\/2000\/svg\"><path d=\"M224.3 273l-136 136c-9.4 9.4-24.6 9.4-33.9 0l-22.6-22.6c-9.4-9.4-9.4-24.6 0-33.9l96.4-96.4-96.4-96.4c-9.4-9.4-9.4-24.6 0-33.9L54.3 103c9.4-9.4 24.6-9.4 33.9 0l136 136c9.5 9.4 9.5 24.6.1 34zm192-34l-136-136c-9.4-9.4-24.6-9.4-33.9 0l-22.6 22.6c-9.4 9.4-9.4 24.6 0 33.9l96.4 96.4-96.4 96.4c-9.4 9.4-9.4 24.6 0 33.9l22.6 22.6c9.4 9.4 24.6 9.4 33.9 0l136-136c9.4-9.2 9.4-24.4 0-33.8z\"><\/path><\/svg>\t\t\t<\/span>\n\t\t\t\t\t\t\t\t\t<span class=\"elementor-button-text\">Schnelle Anfrage!<\/span>\n\t\t\t\t\t<\/span>\n\t\t\t\t\t<\/a>\n\t\t\t\t<\/div>\n\t\t\t\t\t\t\t\t<\/div>\n\t\t\t\t<\/div>\n\t\t\t\t\t<\/div>\n\t\t\t\t<\/div>\n\t\t<div class=\"elementor-element elementor-element-2555877c e-flex e-con-boxed e-con e-parent\" data-id=\"2555877c\" data-element_type=\"container\" data-e-type=\"container\">\n\t\t\t\t\t<div class=\"e-con-inner\">\n\t\t<div class=\"elementor-element elementor-element-796f3497 e-con-full e-flex e-con e-child\" data-id=\"796f3497\" data-element_type=\"container\" data-e-type=\"container\">\n\t\t\t\t<div class=\"elementor-element elementor-element-64b0f5dd elementor-widget elementor-widget-video\" data-id=\"64b0f5dd\" data-element_type=\"widget\" data-e-type=\"widget\" data-settings=\"{&quot;youtube_url&quot;:&quot;https:\\\/\\\/youtu.be\\\/XTnAy7YGyFg?si=-JBuNc_nvMy6U1Su&quot;,&quot;video_type&quot;:&quot;youtube&quot;,&quot;controls&quot;:&quot;yes&quot;}\" data-widget_type=\"video.default\">\n\t\t\t\t<div class=\"elementor-widget-container\">\n\t\t\t\t\t\t\t<div class=\"elementor-wrapper elementor-open-inline\">\n\t\t\t<div class=\"elementor-video\"><\/div>\t\t<\/div>\n\t\t\t\t\t\t<\/div>\n\t\t\t\t<\/div>\n\t\t\t\t<\/div>\n\t\t<div class=\"elementor-element elementor-element-536783e0 e-con-full e-flex e-con e-child\" data-id=\"536783e0\" data-element_type=\"container\" data-e-type=\"container\">\n\t\t\t\t<div class=\"elementor-element elementor-element-34452705 elementor-widget elementor-widget-video\" data-id=\"34452705\" data-element_type=\"widget\" data-e-type=\"widget\" data-settings=\"{&quot;youtube_url&quot;:&quot;https:\\\/\\\/youtu.be\\\/JOvJI8b4z_E?si=DnVO-3mKhrDep3bL&quot;,&quot;video_type&quot;:&quot;youtube&quot;,&quot;controls&quot;:&quot;yes&quot;}\" data-widget_type=\"video.default\">\n\t\t\t\t<div class=\"elementor-widget-container\">\n\t\t\t\t\t\t\t<div class=\"elementor-wrapper elementor-open-inline\">\n\t\t\t<div class=\"elementor-video\"><\/div>\t\t<\/div>\n\t\t\t\t\t\t<\/div>\n\t\t\t\t<\/div>\n\t\t\t\t<\/div>\n\t\t\t\t\t<\/div>\n\t\t\t\t<\/div>\n\t\t\t\t<\/div>\n\t\t","protected":false},"excerpt":{"rendered":"<p>Sie m\u00f6chten als Sprachlehrer in Salzburg arbeiten und Ihre Sprachkenntnisse an motivierte Teilnehmer weitergeben? Die Sprachschule Aktiv Salzburg sucht regelm\u00e4\u00dfig qualifizierte und engagierte Lehrkr\u00e4fte f\u00fcr zahlreiche Sprachen. Besonders gefragt sind Deutsch, Englisch, Spanisch, Franz\u00f6sisch und Italienisch \u2013 aber auch weniger verbreitete Sprachen wie Koreanisch, Japanisch, Chinesisch, Russisch, Tschechisch oder Ungarisch. Wenn Sie eine Sprache auf&hellip; <a class=\"read-more\" href=\"https:\/\/www.sprachschule-aktiv.at\/salzburg\/arbeiten-als-sprachlehrer-in-salzburg-jobs\/\" title=\"Read Arbeiten als Sprachlehrer in Salzburg \u2013 Jobs &amp; Stellenangebote f\u00fcr Sprachdozenten\">Read more &raquo;<\/a><\/p>\n","protected":false},"author":2,"featured_media":0,"parent":0,"menu_order":0,"comment_status":"closed","ping_status":"closed","template":"","meta":{"footnotes":""},"class_list":["post-703","page","type-page","status-publish","hentry"],"acf":[],"yoast_head":"<!-- This site is optimized with the Yoast SEO plugin v27.2 - https:\/\/yoast.com\/product\/yoast-seo-wordpress\/ -->\n<title>Sprachlehrer Jobs in Salzburg \u2013 Jetzt bewerben!<\/title>\n<meta name=\"description\" content=\"Sprachlehrer in Salzburg gesucht! Jetzt bei der Sprachschule Aktiv bewerben \u2013 flexible Jobs f\u00fcr viele Sprachen: Deutsch, Englisch &amp; mehr!\" \/>\n<meta name=\"robots\" content=\"index, follow, max-snippet:-1, max-image-preview:large, max-video-preview:-1\" \/>\n<link rel=\"canonical\" href=\"https:\/\/www.sprachschule-aktiv.at\/salzburg\/arbeiten-als-sprachlehrer-in-salzburg-jobs\/\" \/>\n<meta property=\"og:locale\" content=\"de_DE\" \/>\n<meta property=\"og:type\" content=\"article\" \/>\n<meta property=\"og:title\" content=\"Sprachlehrer Jobs in Salzburg \u2013 Jetzt bewerben!\" \/>\n<meta property=\"og:description\" content=\"Sprachlehrer in Salzburg gesucht! Jetzt bei der Sprachschule Aktiv bewerben \u2013 flexible Jobs f\u00fcr viele Sprachen: Deutsch, Englisch &amp; mehr!\" \/>\n<meta property=\"og:url\" content=\"https:\/\/www.sprachschule-aktiv.at\/salzburg\/arbeiten-als-sprachlehrer-in-salzburg-jobs\/\" \/>\n<meta property=\"og:site_name\" content=\"Sprachschule Aktiv Salzburg\" \/>\n<meta property=\"article:modified_time\" content=\"2025-08-21T06:17:11+00:00\" \/>\n<meta property=\"og:image\" content=\"https:\/\/www.sprachschule-aktiv.at\/salzburg\/wp-content\/uploads\/2025\/08\/sprachlehrer-jobs-salzburg.webp\" \/>\n\t<meta property=\"og:image:width\" content=\"600\" \/>\n\t<meta property=\"og:image:height\" content=\"399\" \/>\n\t<meta property=\"og:image:type\" content=\"image\/webp\" \/>\n<meta name=\"twitter:card\" content=\"summary_large_image\" \/>\n<meta name=\"twitter:label1\" content=\"Gesch\u00e4tzte Lesezeit\" \/>\n\t<meta name=\"twitter:data1\" content=\"3 Minuten\" \/>\n<script type=\"application\/ld+json\" class=\"yoast-schema-graph\">{\"@context\":\"https:\/\/schema.org\",\"@graph\":[{\"@type\":\"WebPage\",\"@id\":\"https:\/\/www.sprachschule-aktiv.at\/salzburg\/arbeiten-als-sprachlehrer-in-salzburg-jobs\/\",\"url\":\"https:\/\/www.sprachschule-aktiv.at\/salzburg\/arbeiten-als-sprachlehrer-in-salzburg-jobs\/\",\"name\":\"Sprachlehrer Jobs in Salzburg \u2013 Jetzt bewerben!\",\"isPartOf\":{\"@id\":\"https:\/\/www.sprachschule-aktiv.at\/salzburg\/#website\"},\"primaryImageOfPage\":{\"@id\":\"https:\/\/www.sprachschule-aktiv.at\/salzburg\/arbeiten-als-sprachlehrer-in-salzburg-jobs\/#primaryimage\"},\"image\":{\"@id\":\"https:\/\/www.sprachschule-aktiv.at\/salzburg\/arbeiten-als-sprachlehrer-in-salzburg-jobs\/#primaryimage\"},\"thumbnailUrl\":\"https:\/\/www.sprachschule-aktiv.at\/salzburg\/wp-content\/uploads\/2025\/08\/sprachlehrer-jobs-salzburg.webp\",\"datePublished\":\"2025-08-21T06:09:49+00:00\",\"dateModified\":\"2025-08-21T06:17:11+00:00\",\"description\":\"Sprachlehrer in Salzburg gesucht! Jetzt bei der Sprachschule Aktiv bewerben \u2013 flexible Jobs f\u00fcr viele Sprachen: Deutsch, Englisch & mehr!\",\"breadcrumb\":{\"@id\":\"https:\/\/www.sprachschule-aktiv.at\/salzburg\/arbeiten-als-sprachlehrer-in-salzburg-jobs\/#breadcrumb\"},\"inLanguage\":\"de-AT\",\"potentialAction\":[{\"@type\":\"ReadAction\",\"target\":[\"https:\/\/www.sprachschule-aktiv.at\/salzburg\/arbeiten-als-sprachlehrer-in-salzburg-jobs\/\"]}]},{\"@type\":\"ImageObject\",\"inLanguage\":\"de-AT\",\"@id\":\"https:\/\/www.sprachschule-aktiv.at\/salzburg\/arbeiten-als-sprachlehrer-in-salzburg-jobs\/#primaryimage\",\"url\":\"https:\/\/www.sprachschule-aktiv.at\/salzburg\/wp-content\/uploads\/2025\/08\/sprachlehrer-jobs-salzburg.webp\",\"contentUrl\":\"https:\/\/www.sprachschule-aktiv.at\/salzburg\/wp-content\/uploads\/2025\/08\/sprachlehrer-jobs-salzburg.webp\",\"width\":600,\"height\":399,\"caption\":\"Arbeiten als Sprachlehrer in Salzburg \u2013 Jobs & Stellenangebote f\u00fcr Sprachdozenten\"},{\"@type\":\"BreadcrumbList\",\"@id\":\"https:\/\/www.sprachschule-aktiv.at\/salzburg\/arbeiten-als-sprachlehrer-in-salzburg-jobs\/#breadcrumb\",\"itemListElement\":[{\"@type\":\"ListItem\",\"position\":1,\"name\":\"Startseite\",\"item\":\"https:\/\/www.sprachschule-aktiv.at\/salzburg\/\"},{\"@type\":\"ListItem\",\"position\":2,\"name\":\"Arbeiten als Sprachlehrer in Salzburg \u2013 Jobs &amp; Stellenangebote f\u00fcr Sprachdozenten\"}]},{\"@type\":\"WebSite\",\"@id\":\"https:\/\/www.sprachschule-aktiv.at\/salzburg\/#website\",\"url\":\"https:\/\/www.sprachschule-aktiv.at\/salzburg\/\",\"name\":\"Sprachschule Aktiv Salzburg\",\"description\":\"\",\"potentialAction\":[{\"@type\":\"SearchAction\",\"target\":{\"@type\":\"EntryPoint\",\"urlTemplate\":\"https:\/\/www.sprachschule-aktiv.at\/salzburg\/?s={search_term_string}\"},\"query-input\":{\"@type\":\"PropertyValueSpecification\",\"valueRequired\":true,\"valueName\":\"search_term_string\"}}],\"inLanguage\":\"de-AT\"}]}<\/script>\n<!-- \/ Yoast SEO plugin. -->","yoast_head_json":{"title":"Sprachlehrer Jobs in Salzburg \u2013 Jetzt bewerben!","description":"Sprachlehrer in Salzburg gesucht! Jetzt bei der Sprachschule Aktiv bewerben \u2013 flexible Jobs f\u00fcr viele Sprachen: Deutsch, Englisch & mehr!","robots":{"index":"index","follow":"follow","max-snippet":"max-snippet:-1","max-image-preview":"max-image-preview:large","max-video-preview":"max-video-preview:-1"},"canonical":"https:\/\/www.sprachschule-aktiv.at\/salzburg\/arbeiten-als-sprachlehrer-in-salzburg-jobs\/","og_locale":"de_DE","og_type":"article","og_title":"Sprachlehrer Jobs in Salzburg \u2013 Jetzt bewerben!","og_description":"Sprachlehrer in Salzburg gesucht! Jetzt bei der Sprachschule Aktiv bewerben \u2013 flexible Jobs f\u00fcr viele Sprachen: Deutsch, Englisch & mehr!","og_url":"https:\/\/www.sprachschule-aktiv.at\/salzburg\/arbeiten-als-sprachlehrer-in-salzburg-jobs\/","og_site_name":"Sprachschule Aktiv Salzburg","article_modified_time":"2025-08-21T06:17:11+00:00","og_image":[{"width":600,"height":399,"url":"https:\/\/www.sprachschule-aktiv.at\/salzburg\/wp-content\/uploads\/2025\/08\/sprachlehrer-jobs-salzburg.webp","type":"image\/webp"}],"twitter_card":"summary_large_image","twitter_misc":{"Gesch\u00e4tzte Lesezeit":"3 Minuten"},"schema":{"@context":"https:\/\/schema.org","@graph":[{"@type":"WebPage","@id":"https:\/\/www.sprachschule-aktiv.at\/salzburg\/arbeiten-als-sprachlehrer-in-salzburg-jobs\/","url":"https:\/\/www.sprachschule-aktiv.at\/salzburg\/arbeiten-als-sprachlehrer-in-salzburg-jobs\/","name":"Sprachlehrer Jobs in Salzburg \u2013 Jetzt bewerben!","isPartOf":{"@id":"https:\/\/www.sprachschule-aktiv.at\/salzburg\/#website"},"primaryImageOfPage":{"@id":"https:\/\/www.sprachschule-aktiv.at\/salzburg\/arbeiten-als-sprachlehrer-in-salzburg-jobs\/#primaryimage"},"image":{"@id":"https:\/\/www.sprachschule-aktiv.at\/salzburg\/arbeiten-als-sprachlehrer-in-salzburg-jobs\/#primaryimage"},"thumbnailUrl":"https:\/\/www.sprachschule-aktiv.at\/salzburg\/wp-content\/uploads\/2025\/08\/sprachlehrer-jobs-salzburg.webp","datePublished":"2025-08-21T06:09:49+00:00","dateModified":"2025-08-21T06:17:11+00:00","description":"Sprachlehrer in Salzburg gesucht! Jetzt bei der Sprachschule Aktiv bewerben \u2013 flexible Jobs f\u00fcr viele Sprachen: Deutsch, Englisch & mehr!","breadcrumb":{"@id":"https:\/\/www.sprachschule-aktiv.at\/salzburg\/arbeiten-als-sprachlehrer-in-salzburg-jobs\/#breadcrumb"},"inLanguage":"de-AT","potentialAction":[{"@type":"ReadAction","target":["https:\/\/www.sprachschule-aktiv.at\/salzburg\/arbeiten-als-sprachlehrer-in-salzburg-jobs\/"]}]},{"@type":"ImageObject","inLanguage":"de-AT","@id":"https:\/\/www.sprachschule-aktiv.at\/salzburg\/arbeiten-als-sprachlehrer-in-salzburg-jobs\/#primaryimage","url":"https:\/\/www.sprachschule-aktiv.at\/salzburg\/wp-content\/uploads\/2025\/08\/sprachlehrer-jobs-salzburg.webp","contentUrl":"https:\/\/www.sprachschule-aktiv.at\/salzburg\/wp-content\/uploads\/2025\/08\/sprachlehrer-jobs-salzburg.webp","width":600,"height":399,"caption":"Arbeiten als Sprachlehrer in Salzburg \u2013 Jobs & Stellenangebote f\u00fcr Sprachdozenten"},{"@type":"BreadcrumbList","@id":"https:\/\/www.sprachschule-aktiv.at\/salzburg\/arbeiten-als-sprachlehrer-in-salzburg-jobs\/#breadcrumb","itemListElement":[{"@type":"ListItem","position":1,"name":"Startseite","item":"https:\/\/www.sprachschule-aktiv.at\/salzburg\/"},{"@type":"ListItem","position":2,"name":"Arbeiten als Sprachlehrer in Salzburg \u2013 Jobs &amp; Stellenangebote f\u00fcr Sprachdozenten"}]},{"@type":"WebSite","@id":"https:\/\/www.sprachschule-aktiv.at\/salzburg\/#website","url":"https:\/\/www.sprachschule-aktiv.at\/salzburg\/","name":"Sprachschule Aktiv Salzburg","description":"","potentialAction":[{"@type":"SearchAction","target":{"@type":"EntryPoint","urlTemplate":"https:\/\/www.sprachschule-aktiv.at\/salzburg\/?s={search_term_string}"},"query-input":{"@type":"PropertyValueSpecification","valueRequired":true,"valueName":"search_term_string"}}],"inLanguage":"de-AT"}]}},"_links":{"self":[{"href":"https:\/\/www.sprachschule-aktiv.at\/salzburg\/wp-json\/wp\/v2\/pages\/703","targetHints":{"allow":["GET"]}}],"collection":[{"href":"https:\/\/www.sprachschule-aktiv.at\/salzburg\/wp-json\/wp\/v2\/pages"}],"about":[{"href":"https:\/\/www.sprachschule-aktiv.at\/salzburg\/wp-json\/wp\/v2\/types\/page"}],"author":[{"embeddable":true,"href":"https:\/\/www.sprachschule-aktiv.at\/salzburg\/wp-json\/wp\/v2\/users\/2"}],"replies":[{"embeddable":true,"href":"https:\/\/www.sprachschule-aktiv.at\/salzburg\/wp-json\/wp\/v2\/comments?post=703"}],"version-history":[{"count":7,"href":"https:\/\/www.sprachschule-aktiv.at\/salzburg\/wp-json\/wp\/v2\/pages\/703\/revisions"}],"predecessor-version":[{"id":713,"href":"https:\/\/www.sprachschule-aktiv.at\/salzburg\/wp-json\/wp\/v2\/pages\/703\/revisions\/713"}],"wp:attachment":[{"href":"https:\/\/www.sprachschule-aktiv.at\/salzburg\/wp-json\/wp\/v2\/media?parent=703"}],"curies":[{"name":"wp","href":"https:\/\/api.w.org\/{rel}","templated":true}]}}